{"id":656,"date":"2023-07-16T19:34:21","date_gmt":"2023-07-16T22:34:21","guid":{"rendered":"https:\/\/www.antropocanibal.com.br\/?page_id=656"},"modified":"2025-01-21T15:55:42","modified_gmt":"2025-01-21T18:55:42","slug":"bachareis","status":"publish","type":"page","link":"https:\/\/www.antropocanibal.com.br\/?page_id=656","title":{"rendered":"Mestres e bachar\u00e9is"},"content":{"rendered":"\n<p><a rel=\"noreferrer noopener\" href=\"http:\/\/lattes.cnpq.br\/6827072654467301\" target=\"_blank\"><strong>Maur\u00edcio Fernandes de Alc\u00e2ntara<\/strong><\/a> <br>Mestre em Antropologia Social &#8211; USP<br>\u00c1reas de interesse: Antropologia urbana, globaliza\u00e7\u00e3o, pensamento social caribenho<\/p>\n","protected":false},"excerpt":{"rendered":"<p>Maur\u00edcio Fernandes de Alc\u00e2ntara Mestre em Antropologia Social &#8211; USP\u00c1reas de interesse: Antropologia urbana, globaliza\u00e7\u00e3o, pensamento social caribenho<\/p>\n","protected":false},"author":2,"featured_media":286,"parent":0,"menu_order":0,"comment_status":"closed","ping_status":"closed","template":"","meta":{"_monsterinsights_skip_tracking":false,"_monsterinsights_sitenote_active":false,"_monsterinsights_sitenote_note":"","_monsterinsights_sitenote_category":0,"footnotes":""},"class_list":["post-656","page","type-page","status-publish","has-post-thumbnail","hentry","entry"],"_links":{"self":[{"href":"https:\/\/www.antropocanibal.com.br\/index.php?rest_route=\/wp\/v2\/pages\/656","targetHints":{"allow":["GET"]}}],"collection":[{"href":"https:\/\/www.antropocanibal.com.br\/index.php?rest_route=\/wp\/v2\/pages"}],"about":[{"href":"https:\/\/www.antropocanibal.com.br\/index.php?rest_route=\/wp\/v2\/types\/page"}],"author":[{"embeddable":true,"href":"https:\/\/www.antropocanibal.com.br\/index.php?rest_route=\/wp\/v2\/users\/2"}],"replies":[{"embeddable":true,"href":"https:\/\/www.antropocanibal.com.br\/index.php?rest_route=%2Fwp%2Fv2%2Fcomments&post=656"}],"version-history":[{"count":4,"href":"https:\/\/www.antropocanibal.com.br\/index.php?rest_route=\/wp\/v2\/pages\/656\/revisions"}],"predecessor-version":[{"id":777,"href":"https:\/\/www.antropocanibal.com.br\/index.php?rest_route=\/wp\/v2\/pages\/656\/revisions\/777"}],"wp:featuredmedia":[{"embeddable":true,"href":"https:\/\/www.antropocanibal.com.br\/index.php?rest_route=\/wp\/v2\/media\/286"}],"wp:attachment":[{"href":"https:\/\/www.antropocanibal.com.br\/index.php?rest_route=%2Fwp%2Fv2%2Fmedia&parent=656"}],"curies":[{"name":"wp","href":"https:\/\/api.w.org\/{rel}","templated":true}]}}