{"id":35,"date":"2019-08-12T21:29:04","date_gmt":"2019-08-13T00:29:04","guid":{"rendered":"https:\/\/www.antropocanibal.com.br\/?page_id=35"},"modified":"2023-08-07T13:40:54","modified_gmt":"2023-08-07T16:40:54","slug":"recursos","status":"publish","type":"page","link":"https:\/\/www.antropocanibal.com.br\/?page_id=35","title":{"rendered":"Recursos"},"content":{"rendered":"\n<h4 class=\"wp-block-heading\">Arquivos digitais<\/h4>\n\n\n\n<p><a rel=\"noreferrer noopener\" aria-label=\" (abre numa nova aba)\" href=\"http:\/\/www.caribbeanphotoarchive.com\/?page_id=37\" target=\"_blank\">Caribbean Photo Archive<\/a><br><a rel=\"noreferrer noopener\" aria-label=\" (abre numa nova aba)\" href=\"https:\/\/merrick.library.miami.edu\/digitalprojects\/chc.php\" target=\"_blank\">Cuban Heritage Collection Digital Collections<\/a><br><a rel=\"noreferrer noopener\" aria-label=\" (abre numa nova aba)\" href=\"https:\/\/dloc.com\/dloc1\" target=\"_blank\">Digital Library of the Caribbean<\/a><br><a rel=\"noreferrer noopener\" aria-label=\" (abre numa nova aba)\" href=\"https:\/\/ecda.northeastern.edu\/\" target=\"_blank\">Early Caribbean Digital Archive<\/a><br><a rel=\"noreferrer noopener\" aria-label=\" (abre numa nova aba)\" href=\"http:\/\/lanic.utexas.edu\/\" target=\"_blank\">Latin American Network Information Center<\/a><\/p>\n\n\n\n<h4 class=\"wp-block-heading\">Peri\u00f3dicos acad\u00eamicos<\/h4>\n\n\n\n<p><a rel=\"noreferrer noopener\" aria-label=\" (abre numa nova aba)\" href=\"https:\/\/www.press.jhu.edu\/journals\/callaloo\" target=\"_blank\">Callaloo<\/a><br><a rel=\"noreferrer noopener\" aria-label=\" (abre numa nova aba)\" href=\"https:\/\/revistas.upr.edu\/index.php\/csj\" target=\"_blank\">Caribbean Studies<\/a><br><a rel=\"noreferrer noopener\" aria-label=\" (abre numa nova aba)\" href=\"https:\/\/brill.com\/view\/journals\/nwig\/nwig-overview.xml\" target=\"_blank\">New West Indian Guide<\/a><br><a rel=\"noreferrer noopener\" aria-label=\" (abre numa nova aba)\" href=\"http:\/\/www.periodicoseletronicos.ufma.br\/index.php\/rbrascaribe\" target=\"_blank\">Revista Brasileira do Caribe<\/a><br><a rel=\"noreferrer noopener\" aria-label=\" (abre numa nova aba)\" href=\"https:\/\/read.dukeupress.edu\/small-axe\" target=\"_blank\">Small Axe <\/a><\/p>\n\n\n\n<h4 class=\"wp-block-heading\">Associa\u00e7\u00f5es acad\u00eamicas<\/h4>\n\n\n\n<p><a rel=\"noreferrer noopener\" aria-label=\" (abre numa nova aba)\" href=\"https:\/\/www.americananthro.org\/\" target=\"_blank\">American Anthropological Association<\/a><br><a rel=\"noreferrer noopener\" aria-label=\" (abre numa nova aba)\" href=\"http:\/\/www.caribbeanphilosophicalassociation.org\/index.html\" target=\"_blank\">Caribbean Philosophical Association<\/a><br><a rel=\"noreferrer noopener\" aria-label=\" (abre numa nova aba)\" href=\"http:\/\/www.caribbeanstudiesassociation.org\/\" target=\"_blank\">Caribbean Studies Association<\/a><br><a rel=\"noreferrer noopener\" aria-label=\" (abre numa nova aba)\" href=\"https:\/\/www.isisa.org\/index.php\" target=\"_blank\">International Small Islands Studies Association<\/a><br><a rel=\"noreferrer noopener\" aria-label=\" (abre numa nova aba)\" href=\"https:\/\/www.iuaes.org\/\" target=\"_blank\">International Union of Anthropological and Ethnological Sciences<\/a><\/p>\n\n\n\n<h4 class=\"wp-block-heading\">Centros de estudos<\/h4>\n\n\n\n<p><a rel=\"noreferrer noopener\" aria-label=\" (abre numa nova aba)\" href=\"http:\/\/www.casadelasamericas.org\/casa.php\" target=\"_blank\">Casa de las Am\u00e9ricas<\/a><br><a rel=\"noreferrer noopener\" aria-label=\" (abre numa nova aba)\" href=\"http:\/\/www.ceaprc.edu\/\" target=\"_blank\">Centro de Estudios Avanzados de Puerto Rico y el Caribe<\/a><br><a rel=\"noreferrer noopener\" aria-label=\" (abre numa nova aba)\" href=\"https:\/\/www.mona.uwi.edu\/humed\/ics\/\" target=\"_blank\">Institute of Caribbean Studies, University of the West Indies<\/a><br><a rel=\"noreferrer noopener\" aria-label=\" (abre numa nova aba)\" href=\"http:\/\/www2.univ-ag.fr\/CRPLC\/?lang=fr\" target=\"_blank\">Laboratoire Carib\u00e9en de Sciences Sociales<\/a><br><a href=\"https:\/\/stonecenter.tulane.edu\/\" target=\"_blank\" rel=\"noreferrer noopener\" aria-label=\"Stone Center for Latin American Studies (abre numa nova aba)\">Stone Center for Latin American Studies<\/a><\/p>\n\n\n\n<h4 class=\"wp-block-heading\">Coletivos de publica\u00e7\u00e3o<\/h4>\n\n\n\n<p><a rel=\"noreferrer noopener\" aria-label=\"Cartonera Malha Fina (abre numa nova aba)\" href=\"https:\/\/malhafinacartonera.wordpress.com\/\" target=\"_blank\">Cartonera Malha Fina<\/a><br><a rel=\"noreferrer noopener\" aria-label=\" (abre numa nova aba)\" href=\"http:\/\/smallaxe.net\/\" target=\"_blank\">Small Axe Project<\/a><\/p>\n\n\n\n<h4 class=\"wp-block-heading\"><\/h4>\n\n\n\n<p><\/p>\n\n\n\n<div style=\"height:20px\" aria-hidden=\"true\" class=\"wp-block-spacer\"><\/div>\n","protected":false},"excerpt":{"rendered":"<p>Arquivos digitais Caribbean Photo ArchiveCuban Heritage Collection Digital CollectionsDigital Library of the CaribbeanEarly Caribbean Digital ArchiveLatin American Network Information Center Peri\u00f3dicos acad\u00eamicos CallalooCaribbean StudiesNew West Indian GuideRevista Brasileira do CaribeSmall Axe Associa\u00e7\u00f5es acad\u00eamicas American Anthropological AssociationCaribbean Philosophical AssociationCaribbean Studies AssociationInternational Small Islands Studies AssociationInternational Union of Anthropological and Ethnological Sciences Centros de estudos Casa de &hellip; <\/p>\n<p class=\"link-more\"><a href=\"https:\/\/www.antropocanibal.com.br\/?page_id=35\" class=\"more-link\">Continue lendo<span class=\"screen-reader-text\"> &#8220;Recursos&#8221;<\/span><\/a><\/p>\n","protected":false},"author":1,"featured_media":667,"parent":0,"menu_order":0,"comment_status":"closed","ping_status":"closed","template":"","meta":{"_monsterinsights_skip_tracking":false,"_monsterinsights_sitenote_active":false,"_monsterinsights_sitenote_note":"","_monsterinsights_sitenote_category":0,"footnotes":""},"class_list":["post-35","page","type-page","status-publish","has-post-thumbnail","hentry","entry"],"_links":{"self":[{"href":"https:\/\/www.antropocanibal.com.br\/index.php?rest_route=\/wp\/v2\/pages\/35","targetHints":{"allow":["GET"]}}],"collection":[{"href":"https:\/\/www.antropocanibal.com.br\/index.php?rest_route=\/wp\/v2\/pages"}],"about":[{"href":"https:\/\/www.antropocanibal.com.br\/index.php?rest_route=\/wp\/v2\/types\/page"}],"author":[{"embeddable":true,"href":"https:\/\/www.antropocanibal.com.br\/index.php?rest_route=\/wp\/v2\/users\/1"}],"replies":[{"embeddable":true,"href":"https:\/\/www.antropocanibal.com.br\/index.php?rest_route=%2Fwp%2Fv2%2Fcomments&post=35"}],"version-history":[{"count":10,"href":"https:\/\/www.antropocanibal.com.br\/index.php?rest_route=\/wp\/v2\/pages\/35\/revisions"}],"predecessor-version":[{"id":670,"href":"https:\/\/www.antropocanibal.com.br\/index.php?rest_route=\/wp\/v2\/pages\/35\/revisions\/670"}],"wp:featuredmedia":[{"embeddable":true,"href":"https:\/\/www.antropocanibal.com.br\/index.php?rest_route=\/wp\/v2\/media\/667"}],"wp:attachment":[{"href":"https:\/\/www.antropocanibal.com.br\/index.php?rest_route=%2Fwp%2Fv2%2Fmedia&parent=35"}],"curies":[{"name":"wp","href":"https:\/\/api.w.org\/{rel}","templated":true}]}}