{"id":345,"date":"2019-11-09T19:16:56","date_gmt":"2019-11-09T22:16:56","guid":{"rendered":"https:\/\/www.antropocanibal.com.br\/?page_id=345"},"modified":"2025-01-21T17:02:09","modified_gmt":"2025-01-21T20:02:09","slug":"projeto","status":"publish","type":"page","link":"https:\/\/www.antropocanibal.com.br\/?page_id=345","title":{"rendered":"Projeto coletivo"},"content":{"rendered":"\n<p><strong>Cronotopos Canibais no Sul e no Leste Globais:  <\/strong><br><strong>A coprodu\u00e7\u00e3o de hist\u00f3rias, lugares, e identifica\u00e7\u00f5es<\/strong><\/p>\n\n\n\n<p>Os membros do CANIBAL desenvolvem projetos de pesquisa individuais, mencionados na se\u00e7\u00e3o &#8220;pesquisadores&#8221; deste site, que s\u00e3o discutidos nas reuni\u00f5es do grupo e ligados por v\u00e1rias interse\u00e7\u00f5es compartilhadas e di\u00e1logos rec\u00edprocos. Al\u00e9m disso, as pesquisas desenvolvidas pelo coordenador do CANIBAL e por seus orientandos e supervisandos est\u00e3o articuladas no projeto coletivo &#8220;Cronotopos Canibais no Sul e no Leste Globais&#8221;, que lhes d\u00e1 um contexto te\u00f3rico e comparativo comum. As pesquisas que comp\u00f5em esse projeto analisam a m\u00fatua produ\u00e7\u00e3o sociocultural de narrativas hist\u00f3ricas, localidades geogr\u00e1ficas, e identifica\u00e7\u00f5es coletivas em diferentes contextos hist\u00f3ricos e contempor\u00e2neos, especialmente p\u00f3s-coloniais e diasp\u00f3ricos. Partindo do pressuposto de que hist\u00f3rias, lugares, e identifica\u00e7\u00f5es t\u00eam uma rela\u00e7\u00e3o inextric\u00e1vel com pr\u00e1ticas de poder e de resist\u00eancia, o projeto se localiza na interse\u00e7\u00e3o das antropologias pol\u00edtica, da hist\u00f3ria e do espa\u00e7o.  <\/p>\n\n\n\n<p>A maioria das pesquisas individuais componentes deste projeto coletivo \u00e9 baseada em trabalho de campo etnogr\u00e1fico e de arquivo, tratando temas tais como as experi\u00eancias de cubanos na antiga Uni\u00e3o Sovi\u00e9tica e na Coreia do Sul; o turismo africano e afrodiasp\u00f3rico em Dacar; as representa\u00e7\u00f5es museol\u00f3gicas da viol\u00eancia pol\u00edtica na Col\u00f4mbia; a experi\u00eancia de alunos estrangeiros em escolas de acupuntura na China; e o ativismo cigano transnacional. Outras pesquisas t\u00eam um car\u00e1ter mais bibliogr\u00e1fico, investigando como intelectuais e outros produtores culturais latino-americanos, caribenhos, e asi\u00e1ticos imaginam, representam, e narram identifica\u00e7\u00f5es nacionais e regionais, di\u00e1sporas e negritudes, e revolu\u00e7\u00f5es passadas e futuras.<\/p>\n\n\n\n<p>Portanto, para al\u00e9m da m\u00fatua produ\u00e7\u00e3o de historicidades, lugares, e identifica\u00e7\u00f5es \u2013 estudadas sempre em sua rela\u00e7\u00e3o com o poder \u2013 o projeto focaliza diversas quest\u00f5es mais espec\u00edficas, tais como p\u00f3s-colonialismo, colonialismo, rela\u00e7\u00f5es raciais, viol\u00eancia, capitalismo, nacionalismo, globaliza\u00e7\u00e3o, representa\u00e7\u00f5es museol\u00f3gicas, e o trabalho de intelectuais. Como sugere o t\u00edtulo do projeto, as pesquisas que o comp\u00f5em analisam como diferentes pr\u00e1ticas sociais e semi\u00f3ticas s\u00e3o transportadas, transculturadas, e reinventadas em diversas partes do Sul e do Leste Globais. Entre os te\u00f3ricos que mais inspiram o projeto se destacam Fernando Ortiz, Frantz Fanon, Mikhail Bakhtin, Michel Foucault, Benedict Anderson, Yi-Fu Tuan, \u00c9douard Glissant, Michel-Rolph Trouillot, e Jean e John Comaroff.<\/p>\n","protected":false},"excerpt":{"rendered":"<p>Cronotopos Canibais no Sul e no Leste Globais: A coprodu\u00e7\u00e3o de hist\u00f3rias, lugares, e identifica\u00e7\u00f5es Os membros do CANIBAL desenvolvem projetos de pesquisa individuais, mencionados na se\u00e7\u00e3o &#8220;pesquisadores&#8221; deste site, que s\u00e3o discutidos nas reuni\u00f5es do grupo e ligados por v\u00e1rias interse\u00e7\u00f5es compartilhadas e di\u00e1logos rec\u00edprocos. Al\u00e9m disso, as pesquisas desenvolvidas pelo coordenador do CANIBAL &hellip; <\/p>\n<p class=\"link-more\"><a href=\"https:\/\/www.antropocanibal.com.br\/?page_id=345\" class=\"more-link\">Continue lendo<span class=\"screen-reader-text\"> &#8220;Projeto coletivo&#8221;<\/span><\/a><\/p>\n","protected":false},"author":2,"featured_media":669,"parent":0,"menu_order":0,"comment_status":"closed","ping_status":"closed","template":"","meta":{"_monsterinsights_skip_tracking":false,"_monsterinsights_sitenote_active":false,"_monsterinsights_sitenote_note":"","_monsterinsights_sitenote_category":0,"footnotes":""},"class_list":["post-345","page","type-page","status-publish","has-post-thumbnail","hentry","entry"],"_links":{"self":[{"href":"https:\/\/www.antropocanibal.com.br\/index.php?rest_route=\/wp\/v2\/pages\/345","targetHints":{"allow":["GET"]}}],"collection":[{"href":"https:\/\/www.antropocanibal.com.br\/index.php?rest_route=\/wp\/v2\/pages"}],"about":[{"href":"https:\/\/www.antropocanibal.com.br\/index.php?rest_route=\/wp\/v2\/types\/page"}],"author":[{"embeddable":true,"href":"https:\/\/www.antropocanibal.com.br\/index.php?rest_route=\/wp\/v2\/users\/2"}],"replies":[{"embeddable":true,"href":"https:\/\/www.antropocanibal.com.br\/index.php?rest_route=%2Fwp%2Fv2%2Fcomments&post=345"}],"version-history":[{"count":10,"href":"https:\/\/www.antropocanibal.com.br\/index.php?rest_route=\/wp\/v2\/pages\/345\/revisions"}],"predecessor-version":[{"id":791,"href":"https:\/\/www.antropocanibal.com.br\/index.php?rest_route=\/wp\/v2\/pages\/345\/revisions\/791"}],"wp:featuredmedia":[{"embeddable":true,"href":"https:\/\/www.antropocanibal.com.br\/index.php?rest_route=\/wp\/v2\/media\/669"}],"wp:attachment":[{"href":"https:\/\/www.antropocanibal.com.br\/index.php?rest_route=%2Fwp%2Fv2%2Fmedia&parent=345"}],"curies":[{"name":"wp","href":"https:\/\/api.w.org\/{rel}","templated":true}]}}