{"id":238,"date":"2019-09-30T08:02:00","date_gmt":"2019-09-30T11:02:00","guid":{"rendered":"https:\/\/www.antropocanibal.com.br\/?page_id=238"},"modified":"2023-07-31T20:34:04","modified_gmt":"2023-07-31T23:34:04","slug":"professores-associados","status":"publish","type":"page","link":"https:\/\/www.antropocanibal.com.br\/?page_id=238","title":{"rendered":"Professores associados"},"content":{"rendered":"\n<p><a rel=\"noreferrer noopener\" href=\"http:\/\/www.aau.edu.et\/css\/academics\/poletical-science-and-international-relation\/yonas-ashine\/\" target=\"_blank\"><strong>Prof. Yonas Demisse<\/strong><\/a><br>Departamento de Ci\u00eancia Pol\u00edtica <br>Universidade de Adis Abeba<br>Adis Abeba, Eti\u00f3pia<\/p>\n\n\n\n<p><a rel=\"noreferrer noopener\" aria-label=\"Profa. Daniela Koleva (abre numa nova aba)\" href=\"http:\/\/bulgarianethnology.org\/file\/ms_website\/w780\/file\/repository\/Daniela_Koleva_eng.pdf\" target=\"_blank\"><strong>Profa. Daniela Koleva<\/strong><\/a><br>Departamento de Hist\u00f3ria e Teoria da Cultura<br>Universidade de S\u00f3fia<br>S\u00f3fia, Bulg\u00e1ria<\/p>\n\n\n\n<p><a rel=\"noreferrer noopener\" aria-label=\"Prof. Gideon Lasco (abre numa nova aba)\" href=\"https:\/\/www.gideonlasco.com\/\" target=\"_blank\"><strong>Prof. Gideon Lasco<\/strong><\/a><br>Departamento de Antropologia<br>Universidade das Filipinas, Diliman<br>Manila, Filipinas<\/p>\n\n\n\n<p><a rel=\"noreferrer noopener\" aria-label=\"Profa. Idalia Morej\u00f3n Arnaiz (abre numa nova aba)\" href=\"http:\/\/lattes.cnpq.br\/0442020783757122\" target=\"_blank\"><strong>Profa. Idalia Morej\u00f3n Arnaiz<\/strong><\/a><br>Departamento de Letras Modernas<br>Universidade de S\u00e3o Paulo<\/p>\n","protected":false},"excerpt":{"rendered":"<p>Prof. Yonas DemisseDepartamento de Ci\u00eancia Pol\u00edtica Universidade de Adis AbebaAdis Abeba, Eti\u00f3pia Profa. Daniela KolevaDepartamento de Hist\u00f3ria e Teoria da CulturaUniversidade de S\u00f3fiaS\u00f3fia, Bulg\u00e1ria Prof. Gideon LascoDepartamento de AntropologiaUniversidade das Filipinas, DilimanManila, Filipinas Profa. Idalia Morej\u00f3n ArnaizDepartamento de Letras ModernasUniversidade de S\u00e3o Paulo<\/p>\n","protected":false},"author":2,"featured_media":282,"parent":0,"menu_order":2,"comment_status":"closed","ping_status":"closed","template":"","meta":{"_monsterinsights_skip_tracking":false,"_monsterinsights_sitenote_active":false,"_monsterinsights_sitenote_note":"","_monsterinsights_sitenote_category":0,"footnotes":""},"class_list":["post-238","page","type-page","status-publish","has-post-thumbnail","hentry","entry"],"_links":{"self":[{"href":"https:\/\/www.antropocanibal.com.br\/index.php?rest_route=\/wp\/v2\/pages\/238","targetHints":{"allow":["GET"]}}],"collection":[{"href":"https:\/\/www.antropocanibal.com.br\/index.php?rest_route=\/wp\/v2\/pages"}],"about":[{"href":"https:\/\/www.antropocanibal.com.br\/index.php?rest_route=\/wp\/v2\/types\/page"}],"author":[{"embeddable":true,"href":"https:\/\/www.antropocanibal.com.br\/index.php?rest_route=\/wp\/v2\/users\/2"}],"replies":[{"embeddable":true,"href":"https:\/\/www.antropocanibal.com.br\/index.php?rest_route=%2Fwp%2Fv2%2Fcomments&post=238"}],"version-history":[{"count":8,"href":"https:\/\/www.antropocanibal.com.br\/index.php?rest_route=\/wp\/v2\/pages\/238\/revisions"}],"predecessor-version":[{"id":462,"href":"https:\/\/www.antropocanibal.com.br\/index.php?rest_route=\/wp\/v2\/pages\/238\/revisions\/462"}],"wp:featuredmedia":[{"embeddable":true,"href":"https:\/\/www.antropocanibal.com.br\/index.php?rest_route=\/wp\/v2\/media\/282"}],"wp:attachment":[{"href":"https:\/\/www.antropocanibal.com.br\/index.php?rest_route=%2Fwp%2Fv2%2Fmedia&parent=238"}],"curies":[{"name":"wp","href":"https:\/\/api.w.org\/{rel}","templated":true}]}}