{"id":21,"date":"2019-08-12T20:56:08","date_gmt":"2019-08-12T23:56:08","guid":{"rendered":"https:\/\/www.antropocanibal.com.br\/?page_id=21"},"modified":"2025-08-20T00:11:56","modified_gmt":"2025-08-20T03:11:56","slug":"publicacoes","status":"publish","type":"page","link":"https:\/\/www.antropocanibal.com.br\/?page_id=21","title":{"rendered":"Publica\u00e7\u00f5es"},"content":{"rendered":"\n<p><strong>Publica\u00e7\u00f5es selecionadas do coordenador do CANIBAL:<\/strong><br><strong>Artigos<\/strong> <strong>em peri\u00f3dicos:<\/strong><br><a href=\"https:\/\/revistas.usp.br\/ra\/article\/view\/208437\" target=\"_blank\" rel=\"noreferrer noopener\">Revolving Revolutions: Ruptures, Returns, and Repetitions in Haiti and Cuba.<\/a> <em>Revista de Antropologia<\/em>, 2025.<br><a href=\"https:\/\/revistas.usp.br\/ra\/article\/view\/232987\" data-type=\"link\" data-id=\"https:\/\/revistas.usp.br\/ra\/article\/view\/232987\" target=\"_blank\" rel=\"noreferrer noopener\">Introduction to the Special Issue: Revolution Talks; Ethnographies and Histories of a Political Endorser.<\/a> With In\u00e1cio Dias de Andrade. <em>Revista de Antropologia<\/em>, 2025.<br><a href=\"https:\/\/revistas.usp.br\/ra\/article\/view\/232937\" target=\"_blank\" rel=\"noreferrer noopener\">Autenticidad y violencia: Tradiciones revolucionarias en M\u00e9xico y Venezuela. Entrevista con Claudio Lomnitz y Rafael S\u00e1nchez.<\/a> Con Juli\u00e1n Cuaspa Ropa\u00edn. <em>Revista de Antropologia<\/em>, 2025. <br><a href=\"https:\/\/www.journals.uchicago.edu\/doi\/abs\/10.1086\/723300\" data-type=\"URL\" data-id=\"https:\/\/www.journals.uchicago.edu\/doi\/abs\/10.1086\/723300\" target=\"_blank\" rel=\"noreferrer noopener\">Anthropology, Democracy, and Authoritarianism: Reflections from Brazil and the Philippines.<\/a> With Gideon Lasco. <em>Current Anthropology<\/em>, 2023. <br><a href=\"https:\/\/doi.org\/10.1590\/S0104-71832022000100003\" data-type=\"URL\" data-id=\"https:\/\/doi.org\/10.1590\/S0104-71832022000100003\" target=\"_blank\" rel=\"noreferrer noopener\">O tio haitiano da antropologia contempor\u00e2nea: teoria, hist\u00f3ria e poder em Jean Price-Mars.<\/a> <em>Horizontes Antropol\u00f3gicos<\/em>, 2022. <br><a href=\"http:\/\/anpocs.org\/index.php\/publicacoes-sp-2056165036\/boletim-cientistas-sociais\/2396-boletim-n-68-cientistas-sociais-e-o-coronavirus\" target=\"_blank\" rel=\"noreferrer noopener\">Tempos de viraliza\u00e7\u00f5es.<\/a> <em>Boletim Anpocs<\/em>, 2020.<br><a aria-label=\" (abre numa nova aba)\" href=\"http:\/\/www.revistas.usp.br\/cadernosdecampo\/article\/view\/142201\" target=\"_blank\" rel=\"noreferrer noopener\">Mojitos com lim\u00f5es do campo.<\/a><em> <\/em> <em>Cadernos de Campo<\/em>, 2018. <br><a aria-label=\" (abre numa nova aba)\" href=\"http:\/\/www.scielo.br\/pdf\/rbcsoc\/v32n93\/0102-6909-rbcsoc-3293052017.pdf\" target=\"_blank\" rel=\"noreferrer noopener\">Revolu\u00e7\u00e3o, voltas e reveses.<\/a><em> Revista Brasileira de Ci\u00eancias Sociai<\/em>s, 2017.<br><a href=\"https:\/\/www.seminar-bg.eu\/spisanie-seminar-bg\/broy15\/679-s-pametnitsite-shega-ne-biva.html\" data-type=\"URL\" data-id=\"https:\/\/www.seminar-bg.eu\/spisanie-seminar-bg\/broy15\/679-s-pametnitsite-shega-ne-biva.html\" target=\"_blank\" rel=\"noreferrer noopener\">\u0421 \u043f\u0430\u043c\u0435\u0442\u043d\u0438\u0446\u0438\u0442\u0435 \u0448\u0435\u0433\u0430 \u043d\u0435 \u0431\u0438\u0432\u0430<em>.<\/em><\/a><em> Seminar_BG<\/em>, 2017.<br><a aria-label=\"O presente dura muito tempo (abre numa nova aba)\" href=\"http:\/\/www.memorial.org.br\/wp-content\/uploads\/2019\/06\/Revista-Nossa-Am%C3%A9rica-53-Transi%C3%A7%C3%A3o-por-Jo%C3%A3o-Felipe-Gon%C3%A7alves.pdf\" target=\"_blank\" rel=\"noreferrer noopener\">O presente dura muito tempo.<\/a> <em>Nossa Am\u00e9rica<\/em>, 2017. <br><a aria-label=\" (abre numa nova aba)\" href=\"http:\/\/www.scielo.br\/pdf\/nec\/n102\/1980-5403-nec-102-69.pdf\" target=\"_blank\" rel=\"noreferrer noopener\">Mart\u00ed versus Mart\u00ed.<\/a><em> Novos Estudos Cebrap<\/em>, 2015.<br><a aria-label=\" (abre numa nova aba)\" href=\"https:\/\/www.journals.uchicago.edu\/doi\/full\/10.14318\/hau4.3.031a\" target=\"_blank\" rel=\"noreferrer noopener\">The Ajiaco in Cuba and beyond.<\/a><em> Hau<\/em>, 2014.<br><strong>Cap\u00edtulos de livro<\/strong>:<br><a href=\"https:\/\/www.antropocanibal.com.br\/wp-content\/uploads\/2020\/11\/Cuba-in-Africa-chapter.pdf\" target=\"_blank\" rel=\"noreferrer noopener\">The Island, the Peninsula, and the Continent.<\/a> <em>Cuba and Africa<\/em>, 2020.<br><a aria-label=\" (abre numa nova aba)\" href=\"https:\/\/www.antropocanibal.com.br\/wp-content\/uploads\/2019\/11\/Sputnik-in-Havana.pdf\" target=\"_blank\" rel=\"noreferrer noopener\">Sputnik Premiers in Havana.<\/a> <em>The Socialist Sixties<\/em>, 2013.<\/p>\n\n\n\n<p><\/p>\n\n\n\n<p><strong>Publica\u00e7\u00f5es dos professores associados<\/strong>:<br><a rel=\"noreferrer noopener\" href=\"https:\/\/www.researchgate.net\/profile\/Yonas_Demisse2\" target=\"_blank\">Publica\u00e7\u00f5es do Prof. Yonas Demisse<\/a><br><a rel=\"noreferrer noopener\" aria-label=\" (abre numa nova aba)\" href=\"https:\/\/uni-sofia.academia.edu\/DanielaKoleva\" target=\"_blank\">Publica\u00e7\u00f5es da Profa. Daniela Koleva<\/a><br><a rel=\"noreferrer noopener\" aria-label=\"Publica\u00e7\u00f5es do Prof. Gideon Lasco (abre numa nova aba)\" href=\"https:\/\/www.gideonlasco.com\/p\/essays.html\" target=\"_blank\">Publica\u00e7\u00f5es do Prof. Gideon Lasco<\/a><br><a rel=\"noreferrer noopener\" aria-label=\"Publica\u00e7\u00f5es da Profa. Idalia Morej\u00f3n Arnaiz (abre numa nova aba)\" href=\"https:\/\/usp-br.academia.edu\/idaliamorejonarnaiz\" target=\"_blank\">Publica\u00e7\u00f5es da Profa. Idalia Morej\u00f3n Arnaiz<\/a><\/p>\n\n\n\n<p><\/p>\n","protected":false},"excerpt":{"rendered":"<p>Publica\u00e7\u00f5es selecionadas do coordenador do CANIBAL:Artigos em peri\u00f3dicos:Revolving Revolutions: Ruptures, Returns, and Repetitions in Haiti and Cuba. Revista de Antropologia, 2025.Introduction to the Special Issue: Revolution Talks; Ethnographies and Histories of a Political Endorser. With In\u00e1cio Dias de Andrade. Revista de Antropologia, 2025.Autenticidad y violencia: Tradiciones revolucionarias en M\u00e9xico y Venezuela. Entrevista con Claudio Lomnitz &hellip; <\/p>\n<p class=\"link-more\"><a href=\"https:\/\/www.antropocanibal.com.br\/?page_id=21\" class=\"more-link\">Continue lendo<span class=\"screen-reader-text\"> &#8220;Publica\u00e7\u00f5es&#8221;<\/span><\/a><\/p>\n","protected":false},"author":1,"featured_media":682,"parent":10,"menu_order":0,"comment_status":"closed","ping_status":"closed","template":"","meta":{"_monsterinsights_skip_tracking":false,"_monsterinsights_sitenote_active":false,"_monsterinsights_sitenote_note":"","_monsterinsights_sitenote_category":0,"footnotes":""},"class_list":["post-21","page","type-page","status-publish","has-post-thumbnail","hentry","entry"],"_links":{"self":[{"href":"https:\/\/www.antropocanibal.com.br\/index.php?rest_route=\/wp\/v2\/pages\/21","targetHints":{"allow":["GET"]}}],"collection":[{"href":"https:\/\/www.antropocanibal.com.br\/index.php?rest_route=\/wp\/v2\/pages"}],"about":[{"href":"https:\/\/www.antropocanibal.com.br\/index.php?rest_route=\/wp\/v2\/types\/page"}],"author":[{"embeddable":true,"href":"https:\/\/www.antropocanibal.com.br\/index.php?rest_route=\/wp\/v2\/users\/1"}],"replies":[{"embeddable":true,"href":"https:\/\/www.antropocanibal.com.br\/index.php?rest_route=%2Fwp%2Fv2%2Fcomments&post=21"}],"version-history":[{"count":10,"href":"https:\/\/www.antropocanibal.com.br\/index.php?rest_route=\/wp\/v2\/pages\/21\/revisions"}],"predecessor-version":[{"id":817,"href":"https:\/\/www.antropocanibal.com.br\/index.php?rest_route=\/wp\/v2\/pages\/21\/revisions\/817"}],"up":[{"embeddable":true,"href":"https:\/\/www.antropocanibal.com.br\/index.php?rest_route=\/wp\/v2\/pages\/10"}],"wp:featuredmedia":[{"embeddable":true,"href":"https:\/\/www.antropocanibal.com.br\/index.php?rest_route=\/wp\/v2\/media\/682"}],"wp:attachment":[{"href":"https:\/\/www.antropocanibal.com.br\/index.php?rest_route=%2Fwp%2Fv2%2Fmedia&parent=21"}],"curies":[{"name":"wp","href":"https:\/\/api.w.org\/{rel}","templated":true}]}}