{"id":182,"date":"2019-09-19T01:04:50","date_gmt":"2019-09-19T04:04:50","guid":{"rendered":"https:\/\/www.antropocanibal.com.br\/?page_id=182"},"modified":"2025-01-21T15:54:29","modified_gmt":"2025-01-21T18:54:29","slug":"doutorandos","status":"publish","type":"page","link":"https:\/\/www.antropocanibal.com.br\/?page_id=182","title":{"rendered":"Doutorandos"},"content":{"rendered":"\n<p><strong><a href=\"http:\/\/lattes.cnpq.br\/8139938127208085\" data-type=\"URL\" data-id=\"http:\/\/lattes.cnpq.br\/8139938127208085\" target=\"_blank\" rel=\"noreferrer noopener\">Carla Ribeiro<\/a><\/strong><br>Programa de P\u00f3s-Gradua\u00e7\u00e3o em Antropologia Social &#8211; USP<br><strong>Projeto:<\/strong> Retorno e futuro no turismo africano e afrodiasp\u00f3rico em Dacar, Senegal<br><strong>Orientador:<\/strong> Jo\u00e3o Felipe Gon\u00e7alves<br><strong>Interc\u00e2mbio:<\/strong> <a href=\"https:\/\/hutchinscenter.fas.harvard.edu\/\" target=\"_blank\" rel=\"noreferrer noopener\">Hutchins Center for African &amp; African American Studies,  Harvard University<\/a>, com bolsa de doutorado-sandu\u00edche CAPES<br><strong>Bolsa FAPESP<\/strong><\/p>\n\n\n\n<p><a aria-label=\"Juli\u00e1n Cuaspa Ropa\u00edn (abre numa nova aba)\" href=\"http:\/\/lattes.cnpq.br\/1045238144077231\" target=\"_blank\" rel=\"noreferrer noopener\"><strong>Juli\u00e1n Cuaspa Ropa\u00edn<\/strong><\/a><br>Programa de P\u00f3s-Gradua\u00e7\u00e3o em Antropologia Social &#8211; USP<br><strong>Projeto:<\/strong> \u201cMem\u00f3rias\u201d de guerra e paz: Pr\u00e1ticas museais dedicadas ao conflito interno armado na Col\u00f4mbia <br><strong>Interc\u00e2mbio: <\/strong><a href=\"https:\/\/www.uni-sofia.bg\/index.php\/eng\/the_university\/faculties\/faculty_of_philosophy\/academic_staff\/department_of_history_and_theory_of_culture\" target=\"_blank\" rel=\"noreferrer noopener\">Department of History and Theory of Culture, Sofia University,<\/a> Bulg\u00e1ria, com bolsa Erasmus + Mobility da Comiss\u00e3o Europeia <br><strong>Orientador:<\/strong> Jo\u00e3o Felipe Gon\u00e7alves<br><strong>Bolsa FAPESP<\/strong><\/p>\n\n\n\n<p><strong><a href=\"http:\/\/lattes.cnpq.br\/9744747990340227\">Robson Lins Damasio<\/a> <\/strong> <br>Programa de P\u00f3s-Gradua\u00e7\u00e3o em Antropologia Social &#8211; USP <br><strong>Projeto: <\/strong>Espa\u00e7o urbano, nacionalismo e socialismo em Pequim <br><strong>Orientador: <\/strong>Jo\u00e3o Felipe Gon\u00e7alves <br><\/p>\n\n\n\n<p><\/p>\n","protected":false},"excerpt":{"rendered":"<p>Carla RibeiroPrograma de P\u00f3s-Gradua\u00e7\u00e3o em Antropologia Social &#8211; USPProjeto: Retorno e futuro no turismo africano e afrodiasp\u00f3rico em Dacar, SenegalOrientador: Jo\u00e3o Felipe Gon\u00e7alvesInterc\u00e2mbio: Hutchins Center for African &amp; African American Studies, Harvard University, com bolsa de doutorado-sandu\u00edche CAPESBolsa FAPESP Juli\u00e1n Cuaspa Ropa\u00ednPrograma de P\u00f3s-Gradua\u00e7\u00e3o em Antropologia Social &#8211; USPProjeto: \u201cMem\u00f3rias\u201d de guerra e paz: Pr\u00e1ticas &hellip; <\/p>\n<p class=\"link-more\"><a href=\"https:\/\/www.antropocanibal.com.br\/?page_id=182\" class=\"more-link\">Continue lendo<span class=\"screen-reader-text\"> &#8220;Doutorandos&#8221;<\/span><\/a><\/p>\n","protected":false},"author":2,"featured_media":122,"parent":0,"menu_order":0,"comment_status":"closed","ping_status":"closed","template":"","meta":{"_monsterinsights_skip_tracking":false,"_monsterinsights_sitenote_active":false,"_monsterinsights_sitenote_note":"","_monsterinsights_sitenote_category":0,"footnotes":""},"class_list":["post-182","page","type-page","status-publish","has-post-thumbnail","hentry","entry"],"_links":{"self":[{"href":"https:\/\/www.antropocanibal.com.br\/index.php?rest_route=\/wp\/v2\/pages\/182","targetHints":{"allow":["GET"]}}],"collection":[{"href":"https:\/\/www.antropocanibal.com.br\/index.php?rest_route=\/wp\/v2\/pages"}],"about":[{"href":"https:\/\/www.antropocanibal.com.br\/index.php?rest_route=\/wp\/v2\/types\/page"}],"author":[{"embeddable":true,"href":"https:\/\/www.antropocanibal.com.br\/index.php?rest_route=\/wp\/v2\/users\/2"}],"replies":[{"embeddable":true,"href":"https:\/\/www.antropocanibal.com.br\/index.php?rest_route=%2Fwp%2Fv2%2Fcomments&post=182"}],"version-history":[{"count":10,"href":"https:\/\/www.antropocanibal.com.br\/index.php?rest_route=\/wp\/v2\/pages\/182\/revisions"}],"predecessor-version":[{"id":776,"href":"https:\/\/www.antropocanibal.com.br\/index.php?rest_route=\/wp\/v2\/pages\/182\/revisions\/776"}],"wp:featuredmedia":[{"embeddable":true,"href":"https:\/\/www.antropocanibal.com.br\/index.php?rest_route=\/wp\/v2\/media\/122"}],"wp:attachment":[{"href":"https:\/\/www.antropocanibal.com.br\/index.php?rest_route=%2Fwp%2Fv2%2Fmedia&parent=182"}],"curies":[{"name":"wp","href":"https:\/\/api.w.org\/{rel}","templated":true}]}}