{"id":176,"date":"2019-09-19T00:26:55","date_gmt":"2019-09-19T03:26:55","guid":{"rendered":"https:\/\/www.antropocanibal.com.br\/?page_id=176"},"modified":"2025-08-20T00:04:49","modified_gmt":"2025-08-20T03:04:49","slug":"graduandos","status":"publish","type":"page","link":"https:\/\/www.antropocanibal.com.br\/?page_id=176","title":{"rendered":"Graduandos"},"content":{"rendered":"\n<p><strong><a href=\"http:\/\/lattes.cnpq.br\/5849453585745167\" target=\"_blank\" rel=\"noreferrer noopener\">Jes\u00fas Mar\u00edn Morales<\/a><\/strong><br>Ci\u00eancias Sociais &#8211; USP<br><strong>Projeto de inicia\u00e7\u00e3o cient\u00edfica em andamento:<\/strong> Arepas, cachapas e hallacas: A comida como media\u00e7\u00e3o de venezuelanos no Cone Sul <br><strong>Orientador:<\/strong> Jo\u00e3o Felipe Gon\u00e7alves<\/p>\n\n\n\n<p><strong><a href=\"http:\/\/lattes.cnpq.br\/5020414022236566\" target=\"_blank\" rel=\"noreferrer noopener\">Matheus Farah Tijiwa<\/a><\/strong><br>Bacharel em Ci\u00eancias Sociais \u2013 USP<br><strong>Projeto de extens\u00e3o em andamento: <\/strong>Etnografia e hist\u00f3ria oral da coloniza\u00e7\u00e3o japonesa em Registro &#8211; SP para a preserva\u00e7\u00e3o de seu patrim\u00f4nio material e imaterial<br><strong>Supervisor:<\/strong>&nbsp;Jo\u00e3o Felipe Gon\u00e7alves<br><strong>Bolsa do Programa Unificado de Bolsas (PUB) da USP, vertente extens\u00e3o <\/strong><\/p>\n\n\n\n<p><strong><a href=\"http:\/\/lattes.cnpq.br\/5657528653936806\" target=\"_blank\" rel=\"noreferrer noopener\">Gerardo D\u00e9leon Hern\u00e1ndez<\/a><\/strong><br>Ci\u00eancias Sociais &#8211; USP<br><strong>Projeto de inicia\u00e7\u00e3o cient\u00edfica em andamento:<\/strong> Indigeneidade e mesti\u00e7agem em <em>El tiempo principia en Xibalb\u00e1<\/em> : An\u00e1lise antropol\u00f3gica de um romance guatemalteco<br><strong>Orientador:<\/strong> Jo\u00e3o Felipe Gon\u00e7alves <br><strong>Bolsa do Programa Unificado de Bolsas (PUB) da USP, vertente pesquisa<\/strong><\/p>\n\n\n\n<p><strong><a href=\"http:\/\/lattes.cnpq.br\/2980385575997186\" target=\"_blank\" rel=\"noreferrer noopener\">Marina de Moraes<\/a> <\/strong><br>Ci\u00eancias Sociais &#8211; USP<br><strong>Projeto em andamento:<\/strong> Tradu\u00e7\u00e3o de artigos para o ensino de gradua\u00e7\u00e3o em Ci\u00eancias Sociais e \u00e1reas afins<br><strong>Orientador:<\/strong> Jo\u00e3o Felipe Gon\u00e7alves <br><strong>Bolsa do Programa Unificado de Bolsas (PUB) da USP, vertente ensino <\/strong><\/p>\n\n\n\n<p><strong><a href=\"http:\/\/lattes.cnpq.br\/3048378564401801\" data-type=\"URL\" data-id=\"http:\/\/lattes.cnpq.br\/3048378564401801\" target=\"_blank\" rel=\"noreferrer noopener\">Caio Miranda de Souza<\/a><\/strong><br>Ci\u00eancias Sociais &#8211; USP<br><strong>Projeto de inicia\u00e7\u00e3o cient\u00edfica em andamento:<\/strong> Coletivo \u201cDureong\u201d: Arte e nacionalismo nas obras de um coletivo de arte ativista sul-coreano <br><strong>Orientador:<\/strong> Jo\u00e3o Felipe Gon\u00e7alves<\/p>\n\n\n\n<p><a href=\"http:\/\/lattes.cnpq.br\/9862493672834823\" data-type=\"URL\" data-id=\"http:\/\/lattes.cnpq.br\/9862493672834823\" target=\"_blank\" rel=\"noreferrer noopener\"><strong>Bruno \u00c7ar Pires<\/strong><\/a><br>Ci\u00eancias Sociais &#8211; USP<br><strong>Projeto de inicia\u00e7\u00e3o cient\u00edfica em andamento: <\/strong>Sexualidade, nacionalismo e representa\u00e7\u00f5es pol\u00edticas na Indon\u00e9sia contempor\u00e2nea <br><strong>Orientador:<\/strong> Jo\u00e3o Felipe Gon\u00e7alves<\/p>\n\n\n\n<p><\/p>\n\n\n\n<p><\/p>\n","protected":false},"excerpt":{"rendered":"<p>Jes\u00fas Mar\u00edn MoralesCi\u00eancias Sociais &#8211; USPProjeto de inicia\u00e7\u00e3o cient\u00edfica em andamento: Arepas, cachapas e hallacas: A comida como media\u00e7\u00e3o de venezuelanos no Cone Sul Orientador: Jo\u00e3o Felipe Gon\u00e7alves Matheus Farah TijiwaBacharel em Ci\u00eancias Sociais \u2013 USPProjeto de extens\u00e3o em andamento: Etnografia e hist\u00f3ria oral da coloniza\u00e7\u00e3o japonesa em Registro &#8211; SP para a preserva\u00e7\u00e3o de &hellip; <\/p>\n<p class=\"link-more\"><a href=\"https:\/\/www.antropocanibal.com.br\/?page_id=176\" class=\"more-link\">Continue lendo<span class=\"screen-reader-text\"> &#8220;Graduandos&#8221;<\/span><\/a><\/p>\n","protected":false},"author":2,"featured_media":24,"parent":12,"menu_order":0,"comment_status":"closed","ping_status":"closed","template":"","meta":{"_monsterinsights_skip_tracking":false,"_monsterinsights_sitenote_active":false,"_monsterinsights_sitenote_note":"","_monsterinsights_sitenote_category":0,"footnotes":""},"class_list":["post-176","page","type-page","status-publish","has-post-thumbnail","hentry","entry"],"_links":{"self":[{"href":"https:\/\/www.antropocanibal.com.br\/index.php?rest_route=\/wp\/v2\/pages\/176","targetHints":{"allow":["GET"]}}],"collection":[{"href":"https:\/\/www.antropocanibal.com.br\/index.php?rest_route=\/wp\/v2\/pages"}],"about":[{"href":"https:\/\/www.antropocanibal.com.br\/index.php?rest_route=\/wp\/v2\/types\/page"}],"author":[{"embeddable":true,"href":"https:\/\/www.antropocanibal.com.br\/index.php?rest_route=\/wp\/v2\/users\/2"}],"replies":[{"embeddable":true,"href":"https:\/\/www.antropocanibal.com.br\/index.php?rest_route=%2Fwp%2Fv2%2Fcomments&post=176"}],"version-history":[{"count":10,"href":"https:\/\/www.antropocanibal.com.br\/index.php?rest_route=\/wp\/v2\/pages\/176\/revisions"}],"predecessor-version":[{"id":815,"href":"https:\/\/www.antropocanibal.com.br\/index.php?rest_route=\/wp\/v2\/pages\/176\/revisions\/815"}],"up":[{"embeddable":true,"href":"https:\/\/www.antropocanibal.com.br\/index.php?rest_route=\/wp\/v2\/pages\/12"}],"wp:featuredmedia":[{"embeddable":true,"href":"https:\/\/www.antropocanibal.com.br\/index.php?rest_route=\/wp\/v2\/media\/24"}],"wp:attachment":[{"href":"https:\/\/www.antropocanibal.com.br\/index.php?rest_route=%2Fwp%2Fv2%2Fmedia&parent=176"}],"curies":[{"name":"wp","href":"https:\/\/api.w.org\/{rel}","templated":true}]}}