{"id":165,"date":"2019-09-19T00:22:26","date_gmt":"2019-09-19T03:22:26","guid":{"rendered":"https:\/\/www.antropocanibal.com.br\/?page_id=165"},"modified":"2025-08-19T22:41:41","modified_gmt":"2025-08-20T01:41:41","slug":"mestrandos","status":"publish","type":"page","link":"https:\/\/www.antropocanibal.com.br\/?page_id=165","title":{"rendered":"Mestrandos"},"content":{"rendered":"\n<p><strong><a href=\"http:\/\/lattes.cnpq.br\/2285746132764566\">Julino Segunda D\u00eddimo<\/a><\/strong><br>Programa de P\u00f3s-Gradua\u00e7\u00e3o em Antropologia Social &#8211; USP<br><strong>Projeto:<\/strong> Cimbanda: Forma\u00e7\u00e3o do sujeito Cimbundu<br><strong>Orientador:<\/strong> Jo\u00e3o Felipe Gon\u00e7alves<\/p>\n\n\n\n<p><a href=\"http:\/\/lattes.cnpq.br\/3261205228012488\"><strong>Marina Mathias Guimar\u00e3es<\/strong><\/a> <br>Programa de P\u00f3s-Gradua\u00e7\u00e3o em Antropologia Social &#8211; USP<br><strong>Projeto:<\/strong> Pr\u00e1ticas e transforma\u00e7\u00f5es: A experi\u00eancia de alunos<br>estrangeiros na China em cursos de medicina tradicional<br>chinesa <br><strong>Orientador: <\/strong>Jo\u00e3o Felipe Gon\u00e7alves<\/p>\n\n\n\n<p><strong><a href=\"http:\/\/lattes.cnpq.br\/3047000724469789\" data-type=\"URL\" data-id=\"http:\/\/lattes.cnpq.br\/3047000724469789\" target=\"_blank\" rel=\"noreferrer noopener\">Nathalia Nunes Carneiro<\/a><\/strong><br>Programa de P\u00f3s-Gradua\u00e7\u00e3o em Antropologia Social &#8211; USP<br><strong>Projeto:<\/strong> Mulheres latino-americanas em Seul: Trajet\u00f3rias, experi\u00eancias e identifica\u00e7\u00f5es<br><strong>Orientador:<\/strong> Jo\u00e3o Felipe Gon\u00e7alves<\/p>\n\n\n\n<p><strong><a href=\"http:\/\/lattes.cnpq.br\/3578569450913157\" data-type=\"URL\" data-id=\"http:\/\/lattes.cnpq.br\/3578569450913157\" target=\"_blank\" rel=\"noreferrer noopener\">Pedro Ravasio Vilela<\/a><\/strong> <br>Programa de P\u00f3s-Gradua\u00e7\u00e3o em Antropologia Social &#8211; USP<br><strong>Projeto:<\/strong> Construindo o Romanist\u00e3o nas redes: Uma etnografia digital do ativismo cigano brasileiro e estadunidense<br><strong>Orientador: <\/strong>Jo\u00e3o Felipe Gon\u00e7alves<\/p>\n\n\n\n<p><\/p>\n","protected":false},"excerpt":{"rendered":"<p>Julino Segunda D\u00eddimoPrograma de P\u00f3s-Gradua\u00e7\u00e3o em Antropologia Social &#8211; USPProjeto: Cimbanda: Forma\u00e7\u00e3o do sujeito CimbunduOrientador: Jo\u00e3o Felipe Gon\u00e7alves Marina Mathias Guimar\u00e3es Programa de P\u00f3s-Gradua\u00e7\u00e3o em Antropologia Social &#8211; USPProjeto: Pr\u00e1ticas e transforma\u00e7\u00f5es: A experi\u00eancia de alunosestrangeiros na China em cursos de medicina tradicionalchinesa Orientador: Jo\u00e3o Felipe Gon\u00e7alves Nathalia Nunes CarneiroPrograma de P\u00f3s-Gradua\u00e7\u00e3o em Antropologia Social &hellip; <\/p>\n<p class=\"link-more\"><a href=\"https:\/\/www.antropocanibal.com.br\/?page_id=165\" class=\"more-link\">Continue lendo<span class=\"screen-reader-text\"> &#8220;Mestrandos&#8221;<\/span><\/a><\/p>\n","protected":false},"author":2,"featured_media":287,"parent":12,"menu_order":0,"comment_status":"closed","ping_status":"closed","template":"","meta":{"_monsterinsights_skip_tracking":false,"_monsterinsights_sitenote_active":false,"_monsterinsights_sitenote_note":"","_monsterinsights_sitenote_category":0,"footnotes":""},"class_list":["post-165","page","type-page","status-publish","has-post-thumbnail","hentry","entry"],"_links":{"self":[{"href":"https:\/\/www.antropocanibal.com.br\/index.php?rest_route=\/wp\/v2\/pages\/165","targetHints":{"allow":["GET"]}}],"collection":[{"href":"https:\/\/www.antropocanibal.com.br\/index.php?rest_route=\/wp\/v2\/pages"}],"about":[{"href":"https:\/\/www.antropocanibal.com.br\/index.php?rest_route=\/wp\/v2\/types\/page"}],"author":[{"embeddable":true,"href":"https:\/\/www.antropocanibal.com.br\/index.php?rest_route=\/wp\/v2\/users\/2"}],"replies":[{"embeddable":true,"href":"https:\/\/www.antropocanibal.com.br\/index.php?rest_route=%2Fwp%2Fv2%2Fcomments&post=165"}],"version-history":[{"count":10,"href":"https:\/\/www.antropocanibal.com.br\/index.php?rest_route=\/wp\/v2\/pages\/165\/revisions"}],"predecessor-version":[{"id":796,"href":"https:\/\/www.antropocanibal.com.br\/index.php?rest_route=\/wp\/v2\/pages\/165\/revisions\/796"}],"up":[{"embeddable":true,"href":"https:\/\/www.antropocanibal.com.br\/index.php?rest_route=\/wp\/v2\/pages\/12"}],"wp:featuredmedia":[{"embeddable":true,"href":"https:\/\/www.antropocanibal.com.br\/index.php?rest_route=\/wp\/v2\/media\/287"}],"wp:attachment":[{"href":"https:\/\/www.antropocanibal.com.br\/index.php?rest_route=%2Fwp%2Fv2%2Fmedia&parent=165"}],"curies":[{"name":"wp","href":"https:\/\/api.w.org\/{rel}","templated":true}]}}