{"id":159,"date":"2019-09-19T00:20:17","date_gmt":"2019-09-19T03:20:17","guid":{"rendered":"https:\/\/www.antropocanibal.com.br\/?page_id=159"},"modified":"2025-01-21T16:46:22","modified_gmt":"2025-01-21T19:46:22","slug":"doutores","status":"publish","type":"page","link":"https:\/\/www.antropocanibal.com.br\/?page_id=159","title":{"rendered":"Doutores"},"content":{"rendered":"\n<h2 class=\"wp-block-heading has-large-font-size\"><strong>Doutorados realizados no CANIBAL<\/strong><\/h2>\n\n\n\n<p><a aria-label=\"Lourival Aguiar Cust\u00f3dio (abre numa nova aba)\" href=\"http:\/\/lattes.cnpq.br\/9746421480249778\" target=\"_blank\" rel=\"noreferrer noopener\"><strong>Lourival Aguiar Cust\u00f3dio<\/strong><\/a><br>USP, 2024<br><strong>\u00c1reas de interesse:<\/strong> Rela\u00e7\u00f5es raciais, di\u00e1spora africana, antropologia urbana, Cuba, Am\u00e9rica Latina e Caribe<br><strong>Orientador: <\/strong>Jo\u00e3o Felipe Gon\u00e7alves <br><strong>Bolsas CAPES e LASA<\/strong><\/p>\n\n\n\n<p><a href=\"http:\/\/lattes.cnpq.br\/6015849289289720\" target=\"_blank\" rel=\"noreferrer noopener\"><strong>Lucas Mestrinelli<\/strong><\/a> <br>USP, 2023<br><strong>T\u00edtulo da tese: <\/strong>Cronotopos goeses: Uma an\u00e1lise semi\u00f3tica <br><strong>\u00c1reas de interesse:<\/strong> Produ\u00e7\u00e3o da hist\u00f3ria, espa\u00e7o, p\u00f3s-colonialismo, antropologia semi\u00f3tica, \u00cdndia, Sul Asi\u00e1tico <br><strong>Orientador:<\/strong> Jo\u00e3o Felipe Gon\u00e7alves<br><strong>Bolsa FAPESP<\/strong><\/p>\n\n\n\n<p><a aria-label=\"Marcos Vinicius Malheiros Moraes (abre numa nova aba)\" href=\"http:\/\/lattes.cnpq.br\/0357821192457138\" target=\"_blank\" rel=\"noreferrer noopener\"><strong>Marcos Vinicius Malheiros Moraes<\/strong><\/a> <br>USP, 2024 <br><strong>T\u00edtulo da tese: <\/strong>Inf\u00e2ncia, cultura e nacionalidade no M\u00e9xico e no Brasil: Um estudo de dois peri\u00f3dicos dos anos 1920 e 1930 <br><strong>\u00c1reas de interesse:<\/strong> Nacionalismo, educa\u00e7\u00e3o, hist\u00f3ria intelectual, <br>M\u00e9xico, Am\u00e9rica Latina <br><strong>Orientador: <\/strong>Jo\u00e3o Felipe Gon\u00e7alves<\/p>\n\n\n\n<h2 class=\"wp-block-heading has-large-font-size\"><strong>P\u00f3s-doutorados realizados no CANIBAL<\/strong><\/h2>\n\n\n\n<p><a rel=\"noreferrer noopener\" aria-label=\" (abre numa nova aba)\" href=\"http:\/\/lattes.cnpq.br\/0916103238484672\" target=\"_blank\"><strong>In\u00e1cio de Carvalho Dias de Andrade<\/strong><\/a><br>Unicamp, 2016<br><strong>\u00c1reas de interesse:<\/strong> Arquitetura, urbanismo, desenvolvimento, colonialismo, \u00c1frica<\/p>\n\n\n\n<p><strong><a href=\"http:\/\/lattes.cnpq.br\/2387641471119954\" target=\"_blank\" rel=\"noreferrer noopener\">Victor Castillo de Macedo<\/a><\/strong><br>Museu Nacional, UFRJ, 2021<br><strong>\u00c1reas de interesse:<\/strong> Antropologia da hist\u00f3ria, antropologia urbana, espa\u00e7o urbano; Rep\u00fablica Dominicana; Am\u00e9rica Latina e Caribe<\/p>\n\n\n\n<h2 class=\"wp-block-heading has-large-font-size\"><strong>Outros doutores<\/strong><\/h2>\n\n\n\n<p><strong><a href=\"http:\/\/lattes.cnpq.br\/7265831200247186\" data-type=\"link\" data-id=\"http:\/\/lattes.cnpq.br\/7265831200247186\" target=\"_blank\" rel=\"noreferrer noopener\">Ant\u00f4nio David<\/a> <\/strong><br>USP, 2017<br><strong>\u00c1reas de interesse:<\/strong> Antropologia da hist\u00f3ria, regimes de historicidade, Suriname <\/p>\n\n\n\n<p><strong><a aria-label=\"Aramis Luis Silva (abre numa nova aba)\" href=\"http:\/\/lattes.cnpq.br\/9557020798857347\" target=\"_blank\" rel=\"noreferrer noopener\">Aramis Luis Silva<\/a><\/strong><br>USP, 2011<br><strong>\u00c1reas de interesse:<\/strong> Religi\u00e3o, homossexualidades, globaliza\u00e7\u00e3o, Caribe, \u00c1frica<\/p>\n\n\n\n<p><a rel=\"noreferrer noopener\" href=\"http:\/\/lattes.cnpq.br\/4557982568388268\" target=\"_blank\"><strong>Cau\u00ea Gomes Flor<\/strong><\/a><br>Unesp\/Mar\u00edlia, 2020<br><strong>\u00c1reas de interesse: <\/strong>Hist\u00f3ria intelectual, di\u00e1spora africana, racialidade, Caribe, \u00c1frica<\/p>\n\n\n\n<p><strong><a rel=\"noreferrer noopener\" href=\"http:\/\/lattes.cnpq.br\/7920908647931258\" target=\"_blank\">Guilherme Fians<\/a><\/strong><br>University of Manchester, 2019 <br><strong>\u00c1reas de interesse:<\/strong> Pol\u00edticas da linguagem, ativismo online, cosmopolitismo, temporalidade, Europa Ocidental<\/p>\n\n\n\n<p><a rel=\"noreferrer noopener\" aria-label=\" (abre numa nova aba)\" href=\"http:\/\/lattes.cnpq.br\/8826211721870360\" target=\"_blank\"><strong>Mihai Andrei Leaha<\/strong><\/a><br>Universitatea Babes-Bolyai, 2013<br><strong>\u00c1reas de interesse: <\/strong>Musicar, localidade, antropologia visual, folclore, Europa Oriental<\/p>\n\n\n\n<p><\/p>\n\n\n\n<p><\/p>\n","protected":false},"excerpt":{"rendered":"<p>Doutorados realizados no CANIBAL Lourival Aguiar Cust\u00f3dioUSP, 2024\u00c1reas de interesse: Rela\u00e7\u00f5es raciais, di\u00e1spora africana, antropologia urbana, Cuba, Am\u00e9rica Latina e CaribeOrientador: Jo\u00e3o Felipe Gon\u00e7alves Bolsas CAPES e LASA Lucas Mestrinelli USP, 2023T\u00edtulo da tese: Cronotopos goeses: Uma an\u00e1lise semi\u00f3tica \u00c1reas de interesse: Produ\u00e7\u00e3o da hist\u00f3ria, espa\u00e7o, p\u00f3s-colonialismo, antropologia semi\u00f3tica, \u00cdndia, Sul Asi\u00e1tico Orientador: Jo\u00e3o Felipe &hellip; <\/p>\n<p class=\"link-more\"><a href=\"https:\/\/www.antropocanibal.com.br\/?page_id=159\" class=\"more-link\">Continue lendo<span class=\"screen-reader-text\"> &#8220;Doutores&#8221;<\/span><\/a><\/p>\n","protected":false},"author":2,"featured_media":270,"parent":12,"menu_order":0,"comment_status":"closed","ping_status":"closed","template":"","meta":{"_monsterinsights_skip_tracking":false,"_monsterinsights_sitenote_active":false,"_monsterinsights_sitenote_note":"","_monsterinsights_sitenote_category":0,"footnotes":""},"class_list":["post-159","page","type-page","status-publish","has-post-thumbnail","hentry","entry"],"_links":{"self":[{"href":"https:\/\/www.antropocanibal.com.br\/index.php?rest_route=\/wp\/v2\/pages\/159","targetHints":{"allow":["GET"]}}],"collection":[{"href":"https:\/\/www.antropocanibal.com.br\/index.php?rest_route=\/wp\/v2\/pages"}],"about":[{"href":"https:\/\/www.antropocanibal.com.br\/index.php?rest_route=\/wp\/v2\/types\/page"}],"author":[{"embeddable":true,"href":"https:\/\/www.antropocanibal.com.br\/index.php?rest_route=\/wp\/v2\/users\/2"}],"replies":[{"embeddable":true,"href":"https:\/\/www.antropocanibal.com.br\/index.php?rest_route=%2Fwp%2Fv2%2Fcomments&post=159"}],"version-history":[{"count":10,"href":"https:\/\/www.antropocanibal.com.br\/index.php?rest_route=\/wp\/v2\/pages\/159\/revisions"}],"predecessor-version":[{"id":788,"href":"https:\/\/www.antropocanibal.com.br\/index.php?rest_route=\/wp\/v2\/pages\/159\/revisions\/788"}],"up":[{"embeddable":true,"href":"https:\/\/www.antropocanibal.com.br\/index.php?rest_route=\/wp\/v2\/pages\/12"}],"wp:featuredmedia":[{"embeddable":true,"href":"https:\/\/www.antropocanibal.com.br\/index.php?rest_route=\/wp\/v2\/media\/270"}],"wp:attachment":[{"href":"https:\/\/www.antropocanibal.com.br\/index.php?rest_route=%2Fwp%2Fv2%2Fmedia&parent=159"}],"curies":[{"name":"wp","href":"https:\/\/api.w.org\/{rel}","templated":true}]}}