{"id":152,"date":"2019-09-19T00:12:57","date_gmt":"2019-09-19T03:12:57","guid":{"rendered":"https:\/\/www.antropocanibal.com.br\/?page_id=152"},"modified":"2025-01-21T15:40:19","modified_gmt":"2025-01-21T18:40:19","slug":"152-2","status":"publish","type":"page","link":"https:\/\/www.antropocanibal.com.br\/?page_id=152","title":{"rendered":"Professor coordenador"},"content":{"rendered":"\n<p><strong><a rel=\"noreferrer noopener\" aria-label=\"Prof. Jo\u00e3o Felipe Gon\u00e7alves  (abre numa nova aba)\" href=\"http:\/\/lattes.cnpq.br\/5731204478066614\" target=\"_blank\">Prof. Jo\u00e3o Felipe Gon\u00e7alves <\/a><\/strong><br>\u00c9 professor-doutor no Departamento de Antropologia e no Programa de P\u00f3s-Gradua\u00e7\u00e3o em Antropologia Social da Universidade de S\u00e3o Paulo. \u00c9 doutor em Antropologia Sociocultural pela Universidade de Chicago, mestre em Hist\u00f3ria pela Johns Hopkins University, mestre em Antropologia Social pelo Museu Nacional\/UFRJ, e bacharel em Ci\u00eancias Sociais pela UFMG.  <\/p>\n\n\n\n<p>Lecionou na Tulane University e na Universidade de Chicago. Foi bolsista, entre outras ag\u00eancias, do Social Science Research Council (SSRC), da FAPESP, e da Korea Foundation. Foi pesquisador ou professor visitante em institui\u00e7\u00f5es como a Universidade de Zhejiang (China), a Universidade Nacional de Seul (Coreia do Sul) a Universidade das Filipinas Diliman, a Universidade de S\u00f3fia (Bulg\u00e1ria), o Collegium Budapest Institute of Advanced Studies (Hungria), o Ibero-Amerikanisches Institut (Alemanha), e a Smithsonian Institution (EUA). <\/p>\n\n\n\n<p>Especializa-se em antropologia pol\u00edtica, antropologia da hist\u00f3ria, antropologia do espa\u00e7o, estudos p\u00f3s-socialistas, mundo afro-atl\u00e2ntico, Am\u00e9rica Hisp\u00e2nica, e Caribe. Seus primeiros trabalhos focalizaram-se geograficamente em Cuba e Miami, e tematicamente em nacionalismo, socialismo real, espa\u00e7o urbano, e temporalidade. Suas pesquisas atuais analisam os la\u00e7os de Cuba com a \u00c1sia, \u00c1frica e Europa Oriental; a hist\u00f3ria do pensamento social caribenho; a pr\u00e1tica antropol\u00f3gica nas periferias do sistema mundial da disciplina; e a rela\u00e7\u00e3o entre religi\u00e3o e nacionalismo em um grupo messi\u00e2nico do sul das Filipinas.       <\/p>\n\n\n\n<p>Tamb\u00e9m \u00e9 o autor das fotografias que ilustram este site e escreve ocasionalmente na imprensa.  <\/p>\n\n\n<p><!--EndFragment--><\/p>","protected":false},"excerpt":{"rendered":"<p>Prof. Jo\u00e3o Felipe Gon\u00e7alves \u00c9 professor-doutor no Departamento de Antropologia e no Programa de P\u00f3s-Gradua\u00e7\u00e3o em Antropologia Social da Universidade de S\u00e3o Paulo. \u00c9 doutor em Antropologia Sociocultural pela Universidade de Chicago, mestre em Hist\u00f3ria pela Johns Hopkins University, mestre em Antropologia Social pelo Museu Nacional\/UFRJ, e bacharel em Ci\u00eancias Sociais pela UFMG. Lecionou na &hellip; <\/p>\n<p class=\"link-more\"><a href=\"https:\/\/www.antropocanibal.com.br\/?page_id=152\" class=\"more-link\">Continue lendo<span class=\"screen-reader-text\"> &#8220;Professor coordenador&#8221;<\/span><\/a><\/p>\n","protected":false},"author":2,"featured_media":128,"parent":0,"menu_order":0,"comment_status":"closed","ping_status":"closed","template":"","meta":{"_monsterinsights_skip_tracking":false,"_monsterinsights_sitenote_active":false,"_monsterinsights_sitenote_note":"","_monsterinsights_sitenote_category":0,"footnotes":""},"class_list":["post-152","page","type-page","status-publish","has-post-thumbnail","hentry","entry"],"_links":{"self":[{"href":"https:\/\/www.antropocanibal.com.br\/index.php?rest_route=\/wp\/v2\/pages\/152","targetHints":{"allow":["GET"]}}],"collection":[{"href":"https:\/\/www.antropocanibal.com.br\/index.php?rest_route=\/wp\/v2\/pages"}],"about":[{"href":"https:\/\/www.antropocanibal.com.br\/index.php?rest_route=\/wp\/v2\/types\/page"}],"author":[{"embeddable":true,"href":"https:\/\/www.antropocanibal.com.br\/index.php?rest_route=\/wp\/v2\/users\/2"}],"replies":[{"embeddable":true,"href":"https:\/\/www.antropocanibal.com.br\/index.php?rest_route=%2Fwp%2Fv2%2Fcomments&post=152"}],"version-history":[{"count":10,"href":"https:\/\/www.antropocanibal.com.br\/index.php?rest_route=\/wp\/v2\/pages\/152\/revisions"}],"predecessor-version":[{"id":772,"href":"https:\/\/www.antropocanibal.com.br\/index.php?rest_route=\/wp\/v2\/pages\/152\/revisions\/772"}],"wp:featuredmedia":[{"embeddable":true,"href":"https:\/\/www.antropocanibal.com.br\/index.php?rest_route=\/wp\/v2\/media\/128"}],"wp:attachment":[{"href":"https:\/\/www.antropocanibal.com.br\/index.php?rest_route=%2Fwp%2Fv2%2Fmedia&parent=152"}],"curies":[{"name":"wp","href":"https:\/\/api.w.org\/{rel}","templated":true}]}}