{"id":10,"date":"2019-08-12T20:34:04","date_gmt":"2019-08-12T23:34:04","guid":{"rendered":"https:\/\/www.antropocanibal.com.br\/?page_id=10"},"modified":"2023-08-07T13:50:24","modified_gmt":"2023-08-07T16:50:24","slug":"sobre-o-canibal","status":"publish","type":"page","link":"https:\/\/www.antropocanibal.com.br\/","title":{"rendered":"Sobre o CANIBAL"},"content":{"rendered":"\n<p>O grupo CANIBAL se dedica \u00e0 realiza\u00e7\u00e3o e ao debate de pesquisas antropol\u00f3gicas sobre o Sul o Leste Globais, especialmente a \u00c1sia, o Caribe e a Am\u00e9rica Hisp\u00e2nica. O grupo examina, mais amplamente, as rela\u00e7\u00f5es entre as dimens\u00f5es semi\u00f3tica e pol\u00edtico-econ\u00f4mica da vida social, ou seja, entre significado e poder. Suas pesquisas focalizam temas tais como representa\u00e7\u00f5es hist\u00f3ricas e pol\u00edticas, di\u00e1sporas, migra\u00e7\u00f5es, soberania, imagina\u00e7\u00f5es e rela\u00e7\u00f5es raciais, p\u00f3s-colonialismo, capitalismo, socialismo real, e p\u00f3s-socialismo.  <\/p>\n\n\n\n<p>Fundado em 2017 com um foco inicial no Caribe, o CANIBAL est\u00e1 vinculado ao Departamento de Antropologia da Universidade de S\u00e3o Paulo, mas se caracteriza pelo intenso di\u00e1logo interdisciplinar, especialmente com as \u00e1reas de letras e de hist\u00f3ria. Em sua maioria professores universit\u00e1rios ou alunos de p\u00f3s-gradua\u00e7\u00e3o ou de gradua\u00e7\u00e3o, seus membros t\u00eam diversos n\u00edveis de forma\u00e7\u00e3o acad\u00eamica. O grupo est\u00e1 aberto \u00e0 participa\u00e7\u00e3o de novos integrantes que estejam seriamente comprometidos com a pesquisa acad\u00eamica sobre as \u00e1reas e temas que estuda. O CANIBAL se re\u00fane regularmente para discutir as pesquisas e trabalhos de seus membros, al\u00e9m de filmes e textos te\u00f3ricos e etnogr\u00e1ficos a eles relacionados.     <\/p>\n","protected":false},"excerpt":{"rendered":"<p>O grupo CANIBAL se dedica \u00e0 realiza\u00e7\u00e3o e ao debate de pesquisas antropol\u00f3gicas sobre o Sul o Leste Globais, especialmente a \u00c1sia, o Caribe e a Am\u00e9rica Hisp\u00e2nica. O grupo examina, mais amplamente, as rela\u00e7\u00f5es entre as dimens\u00f5es semi\u00f3tica e pol\u00edtico-econ\u00f4mica da vida social, ou seja, entre significado e poder. Suas pesquisas focalizam temas tais &hellip; <\/p>\n<p class=\"link-more\"><a href=\"https:\/\/www.antropocanibal.com.br\/\" class=\"more-link\">Continue lendo<span class=\"screen-reader-text\"> &#8220;Sobre o CANIBAL&#8221;<\/span><\/a><\/p>\n","protected":false},"author":1,"featured_media":684,"parent":0,"menu_order":0,"comment_status":"closed","ping_status":"closed","template":"","meta":{"_monsterinsights_skip_tracking":false,"_monsterinsights_sitenote_active":false,"_monsterinsights_sitenote_note":"","_monsterinsights_sitenote_category":0,"footnotes":""},"class_list":["post-10","page","type-page","status-publish","has-post-thumbnail","hentry","entry"],"_links":{"self":[{"href":"https:\/\/www.antropocanibal.com.br\/index.php?rest_route=\/wp\/v2\/pages\/10","targetHints":{"allow":["GET"]}}],"collection":[{"href":"https:\/\/www.antropocanibal.com.br\/index.php?rest_route=\/wp\/v2\/pages"}],"about":[{"href":"https:\/\/www.antropocanibal.com.br\/index.php?rest_route=\/wp\/v2\/types\/page"}],"author":[{"embeddable":true,"href":"https:\/\/www.antropocanibal.com.br\/index.php?rest_route=\/wp\/v2\/users\/1"}],"replies":[{"embeddable":true,"href":"https:\/\/www.antropocanibal.com.br\/index.php?rest_route=%2Fwp%2Fv2%2Fcomments&post=10"}],"version-history":[{"count":9,"href":"https:\/\/www.antropocanibal.com.br\/index.php?rest_route=\/wp\/v2\/pages\/10\/revisions"}],"predecessor-version":[{"id":618,"href":"https:\/\/www.antropocanibal.com.br\/index.php?rest_route=\/wp\/v2\/pages\/10\/revisions\/618"}],"wp:featuredmedia":[{"embeddable":true,"href":"https:\/\/www.antropocanibal.com.br\/index.php?rest_route=\/wp\/v2\/media\/684"}],"wp:attachment":[{"href":"https:\/\/www.antropocanibal.com.br\/index.php?rest_route=%2Fwp%2Fv2%2Fmedia&parent=10"}],"curies":[{"name":"wp","href":"https:\/\/api.w.org\/{rel}","templated":true}]}}